{"id":9,"date":"2024-02-17T05:13:21","date_gmt":"2024-02-17T05:13:21","guid":{"rendered":"https:\/\/www.construyendociudadania.co\/?page_id=9"},"modified":"2024-06-25T17:03:50","modified_gmt":"2024-06-25T17:03:50","slug":"construyendo-ciudadani","status":"publish","type":"page","link":"https:\/\/www.construyendociudadania.co\/","title":{"rendered":"Inicio"},"content":{"rendered":"\n<div style=\"height:29px\" aria-hidden=\"true\" class=\"wp-block-spacer\"><\/div>\n\n\n<div id=\"metaslider-id-34\" style=\"width: 100%; margin: 0 auto;\" class=\"ml-slider-3-90-1 metaslider metaslider-flex metaslider-34 ml-slider ms-theme-cubic nav-hidden\" role=\"region\" aria-roledescription=\"Slideshow\" aria-label=\"Nueva presentaci\u00f3n de diapositivas\">\n    <div id=\"metaslider_container_34\">\n        <div id=\"metaslider_34\">\n            <ul class='slides'>\n                <li style=\"display: block; width: 100%;\" class=\"slide-46 ms-image \" aria-roledescription=\"slide\" aria-label=\"slide-46\"><img loading=\"lazy\" decoding=\"async\" width=\"1080\" height=\"500\" src=\"https:\/\/www.construyendociudadania.co\/wp-content\/uploads\/2024\/02\/Fotos-Sliders-02.png\" class=\"slider-34 slide-46\" alt=\"\" rel=\"\" title=\"\" srcset=\"https:\/\/www.construyendociudadania.co\/wp-content\/uploads\/2024\/02\/Fotos-Sliders-02.png 1080w, https:\/\/www.construyendociudadania.co\/wp-content\/uploads\/2024\/02\/Fotos-Sliders-02-300x139.png 300w, https:\/\/www.construyendociudadania.co\/wp-content\/uploads\/2024\/02\/Fotos-Sliders-02-1024x474.png 1024w, https:\/\/www.construyendociudadania.co\/wp-content\/uploads\/2024\/02\/Fotos-Sliders-02-768x356.png 768w\" sizes=\"auto, (max-width: 1080px) 100vw, 1080px\" \/><\/li>\n                <li style=\"display: none; width: 100%;\" class=\"slide-47 ms-image \" aria-roledescription=\"slide\" aria-label=\"slide-47\"><img loading=\"lazy\" decoding=\"async\" width=\"1080\" height=\"500\" src=\"https:\/\/www.construyendociudadania.co\/wp-content\/uploads\/2024\/02\/Fotos-Sliders_Mesa-de-trabajo-1.png\" class=\"slider-34 slide-47\" alt=\"\" rel=\"\" title=\"\" srcset=\"https:\/\/www.construyendociudadania.co\/wp-content\/uploads\/2024\/02\/Fotos-Sliders_Mesa-de-trabajo-1.png 1080w, https:\/\/www.construyendociudadania.co\/wp-content\/uploads\/2024\/02\/Fotos-Sliders_Mesa-de-trabajo-1-300x139.png 300w, https:\/\/www.construyendociudadania.co\/wp-content\/uploads\/2024\/02\/Fotos-Sliders_Mesa-de-trabajo-1-1024x474.png 1024w, https:\/\/www.construyendociudadania.co\/wp-content\/uploads\/2024\/02\/Fotos-Sliders_Mesa-de-trabajo-1-768x356.png 768w\" sizes=\"auto, (max-width: 1080px) 100vw, 1080px\" \/><\/li>\n                <li style=\"display: none; width: 100%;\" class=\"slide-48 ms-image \" aria-roledescription=\"slide\" aria-label=\"slide-48\"><img loading=\"lazy\" decoding=\"async\" width=\"1080\" height=\"500\" src=\"https:\/\/www.construyendociudadania.co\/wp-content\/uploads\/2024\/02\/Fotos-Sliders-03.png\" class=\"slider-34 slide-48\" alt=\"\" rel=\"\" title=\"\" srcset=\"https:\/\/www.construyendociudadania.co\/wp-content\/uploads\/2024\/02\/Fotos-Sliders-03.png 1080w, https:\/\/www.construyendociudadania.co\/wp-content\/uploads\/2024\/02\/Fotos-Sliders-03-300x139.png 300w, https:\/\/www.construyendociudadania.co\/wp-content\/uploads\/2024\/02\/Fotos-Sliders-03-1024x474.png 1024w, https:\/\/www.construyendociudadania.co\/wp-content\/uploads\/2024\/02\/Fotos-Sliders-03-768x356.png 768w\" sizes=\"auto, (max-width: 1080px) 100vw, 1080px\" \/><\/li>\n            <\/ul>\n        <\/div>\n        \n    <\/div>\n<\/div>\n\n\n\n<div style=\"height:28px\" aria-hidden=\"true\" class=\"wp-block-spacer\"><\/div>\n\n\n\n<div class=\"wp-block-columns is-layout-flex wp-container-core-columns-is-layout-9d6595d7 wp-block-columns-is-layout-flex\">\n<div class=\"wp-block-column is-layout-flow wp-block-column-is-layout-flow\"><div class=\"wp-block-image\">\n<figure class=\"aligncenter size-full is-resized\"><img loading=\"lazy\" decoding=\"async\" width=\"512\" height=\"512\" src=\"https:\/\/www.construyendociudadania.co\/wp-content\/uploads\/2024\/02\/ubicacion.png\" alt=\"\" class=\"wp-image-132\" style=\"width:140px;height:auto\" srcset=\"https:\/\/www.construyendociudadania.co\/wp-content\/uploads\/2024\/02\/ubicacion.png 512w, https:\/\/www.construyendociudadania.co\/wp-content\/uploads\/2024\/02\/ubicacion-300x300.png 300w, https:\/\/www.construyendociudadania.co\/wp-content\/uploads\/2024\/02\/ubicacion-150x150.png 150w\" sizes=\"auto, (max-width: 512px) 100vw, 512px\" \/><\/figure>\n<\/div>\n\n\n<div style=\"height:32px\" aria-hidden=\"true\" class=\"wp-block-spacer\"><\/div>\n\n\n\n<h3 class=\"wp-block-heading has-text-align-center has-neve-text-color-color has-text-color\"><strong>+14<\/strong><\/h3>\n\n\n\n<p class=\"has-text-align-center\">Territorios impactados:<\/p>\n\n\n\n<div style=\"height:20px\" aria-hidden=\"true\" class=\"wp-block-spacer\"><\/div>\n<\/div>\n\n\n\n<div class=\"wp-block-column is-layout-flow wp-block-column-is-layout-flow\"><div class=\"wp-block-image\">\n<figure class=\"aligncenter size-full is-resized\"><img loading=\"lazy\" decoding=\"async\" width=\"500\" height=\"500\" src=\"https:\/\/www.construyendociudadania.co\/wp-content\/uploads\/2024\/02\/archivo_Mesa-de-trabajo-1-1.png\" alt=\"\" class=\"wp-image-127\" style=\"width:148px;height:auto\" srcset=\"https:\/\/www.construyendociudadania.co\/wp-content\/uploads\/2024\/02\/archivo_Mesa-de-trabajo-1-1.png 500w, https:\/\/www.construyendociudadania.co\/wp-content\/uploads\/2024\/02\/archivo_Mesa-de-trabajo-1-1-300x300.png 300w, https:\/\/www.construyendociudadania.co\/wp-content\/uploads\/2024\/02\/archivo_Mesa-de-trabajo-1-1-150x150.png 150w\" sizes=\"auto, (max-width: 500px) 100vw, 500px\" \/><\/figure>\n<\/div>\n\n\n<div style=\"height:32px\" aria-hidden=\"true\" class=\"wp-block-spacer\"><\/div>\n\n\n\n<h3 class=\"wp-block-heading has-text-align-center has-neve-text-color-color has-text-color\"><strong><strong>+10<\/strong><\/strong><\/h3>\n\n\n\n<p class=\"has-text-align-center\">Pol\u00edticas publicas asesoradas<\/p>\n<\/div>\n\n\n\n<div class=\"wp-block-column is-layout-flow wp-block-column-is-layout-flow\"><div class=\"wp-block-image is-resized icon-style is-style-default\">\n<figure class=\"aligncenter size-full\"><img loading=\"lazy\" decoding=\"async\" width=\"512\" height=\"512\" src=\"https:\/\/www.construyendociudadania.co\/wp-content\/uploads\/2024\/02\/familia.png\" alt=\"\" class=\"wp-image-130\" style=\"width:136px;height:auto\" srcset=\"https:\/\/www.construyendociudadania.co\/wp-content\/uploads\/2024\/02\/familia.png 512w, https:\/\/www.construyendociudadania.co\/wp-content\/uploads\/2024\/02\/familia-300x300.png 300w, https:\/\/www.construyendociudadania.co\/wp-content\/uploads\/2024\/02\/familia-150x150.png 150w\" sizes=\"auto, (max-width: 512px) 100vw, 512px\" \/><\/figure>\n<\/div>\n\n\n<div style=\"height:7px\" aria-hidden=\"true\" class=\"wp-block-spacer\"><\/div>\n\n\n\n<div style=\"height:1px\" aria-hidden=\"true\" class=\"wp-block-spacer\"><\/div>\n\n\n\n<h3 class=\"wp-block-heading has-text-align-center has-neve-text-color-color has-text-color\"><strong>+11.000<\/strong><\/h3>\n\n\n\n<p class=\"has-text-align-center\">J\u00f3venes formados en liderazgo e incidencia<\/p>\n\n\n\n<div style=\"height:20px\" aria-hidden=\"true\" class=\"wp-block-spacer\"><\/div>\n<\/div>\n\n\n\n<div class=\"wp-block-column is-layout-flow wp-block-column-is-layout-flow\"><div class=\"wp-block-image\">\n<figure class=\"aligncenter size-full is-resized\"><img loading=\"lazy\" decoding=\"async\" width=\"500\" height=\"500\" src=\"https:\/\/www.construyendociudadania.co\/wp-content\/uploads\/2024\/02\/PROYECTO_Mesa-de-trabajo-1.png\" alt=\"\" class=\"wp-image-128\" style=\"width:151px;height:auto\" srcset=\"https:\/\/www.construyendociudadania.co\/wp-content\/uploads\/2024\/02\/PROYECTO_Mesa-de-trabajo-1.png 500w, https:\/\/www.construyendociudadania.co\/wp-content\/uploads\/2024\/02\/PROYECTO_Mesa-de-trabajo-1-300x300.png 300w, https:\/\/www.construyendociudadania.co\/wp-content\/uploads\/2024\/02\/PROYECTO_Mesa-de-trabajo-1-150x150.png 150w\" sizes=\"auto, (max-width: 500px) 100vw, 500px\" \/><\/figure>\n<\/div>\n\n\n<div style=\"height:19px\" aria-hidden=\"true\" class=\"wp-block-spacer\"><\/div>\n\n\n\n<h3 class=\"wp-block-heading has-text-align-center has-neve-text-color-color has-text-color\"><strong>+10<\/strong><\/h3>\n\n\n\n<p class=\"has-text-align-center\">Proyectos ejecutados<\/p>\n\n\n\n<div style=\"height:20px\" aria-hidden=\"true\" class=\"wp-block-spacer\"><\/div>\n<\/div>\n\n\n\n<div class=\"wp-block-column is-vertically-aligned-center is-layout-flow wp-block-column-is-layout-flow\"><div class=\"wp-block-image is-resized icon-style is-style-rounded\">\n<figure class=\"aligncenter size-full\"><img loading=\"lazy\" decoding=\"async\" width=\"200\" height=\"200\" src=\"https:\/\/www.construyendociudadania.co\/wp-content\/uploads\/2024\/02\/icons_Mesa-de-trabajo-1-1.png\" alt=\"\" class=\"wp-image-55\" style=\"width:144px;height:auto\" srcset=\"https:\/\/www.construyendociudadania.co\/wp-content\/uploads\/2024\/02\/icons_Mesa-de-trabajo-1-1.png 200w, https:\/\/www.construyendociudadania.co\/wp-content\/uploads\/2024\/02\/icons_Mesa-de-trabajo-1-1-150x150.png 150w\" sizes=\"auto, (max-width: 200px) 100vw, 200px\" \/><\/figure>\n<\/div>\n\n\n<div style=\"height:23px\" aria-hidden=\"true\" class=\"wp-block-spacer\"><\/div>\n\n\n\n<h3 class=\"wp-block-heading has-text-align-center has-neve-text-color-color has-text-color\"> <strong>+20<\/strong><\/h3>\n\n\n\n<p class=\"has-text-align-center\">Aliados estrat\u00e9gicos<\/p>\n\n\n\n<div style=\"height:4px\" aria-hidden=\"true\" class=\"wp-block-spacer\"><\/div>\n\n\n\n<div style=\"height:20px\" aria-hidden=\"true\" class=\"wp-block-spacer\"><\/div>\n<\/div>\n<\/div>\n\n\n\n<div style=\"height:27px\" aria-hidden=\"true\" class=\"wp-block-spacer\"><\/div>\n\n\n\n<div class=\"wp-block-cover alignfull is-light\" style=\"min-height:600px;aspect-ratio:unset;\"><span aria-hidden=\"true\" class=\"wp-block-cover__background has-nv-c-1-background-color has-background-dim-100 has-background-dim\"><\/span><div class=\"wp-block-cover__inner-container is-layout-flow wp-block-cover-is-layout-flow\">\n<div class=\"wp-block-columns are-vertically-aligned-center is-layout-flex wp-container-core-columns-is-layout-9d6595d7 wp-block-columns-is-layout-flex\">\n<div class=\"wp-block-column is-vertically-aligned-center is-layout-flow wp-block-column-is-layout-flow\" style=\"flex-basis:50%\">\n<h2 class=\"wp-block-heading has-text-align-left has-neve-text-color-color has-text-color\"><strong>NOS MUEVE EL PODER DE LAS COMUNIDADES<\/strong><\/h2>\n\n\n\n<p class=\"has-text-align-left has-neve-text-color-color has-text-color\" style=\"font-size:17px\">Creemos en la democracia como un veh\u00edculo para el desarrollo comunitario, y en el liderazgo del movimiento social frente a las transformaciones de su propia realidad. Construir Ciudadan\u00eda es cuestionar las formas en que hist\u00f3ricamente se ha privilegiado una sola visi\u00f3n de desarrollo y entender la fortaleza de las comunidades para narrar sus propias vivencias y dise\u00f1ar las estrategias de su propia acci\u00f3n.<\/p>\n\n\n\n<div class=\"wp-block-buttons is-content-justification-left is-layout-flex wp-container-core-buttons-is-layout-fdcfc74e wp-block-buttons-is-layout-flex\">\n<div class=\"wp-block-button is-style-primary\"><a class=\"wp-block-button__link wp-element-button\" href=\"https:\/\/www.construyendociudadania.co\/?page_id=14\">Conoce Historias de Movilizaci\u00f3n en el Caribe<\/a><\/div>\n<\/div>\n\n\n\n<div style=\"height:40px\" aria-hidden=\"true\" class=\"wp-block-spacer\"><\/div>\n<\/div>\n\n\n\n<div class=\"wp-block-column is-vertically-aligned-center is-layout-flow wp-block-column-is-layout-flow\" style=\"flex-basis:50%\">\n<figure class=\"wp-block-image size-large\"><img loading=\"lazy\" decoding=\"async\" width=\"1281\" height=\"1280\" src=\"https:\/\/www.construyendociudadania.co\/wp-content\/uploads\/2024\/02\/MG_9956-1-edited.jpg\" alt=\"\" class=\"wp-image-67\" srcset=\"https:\/\/www.construyendociudadania.co\/wp-content\/uploads\/2024\/02\/MG_9956-1-edited.jpg 1281w, https:\/\/www.construyendociudadania.co\/wp-content\/uploads\/2024\/02\/MG_9956-1-edited-300x300.jpg 300w, https:\/\/www.construyendociudadania.co\/wp-content\/uploads\/2024\/02\/MG_9956-1-edited-1024x1024.jpg 1024w, https:\/\/www.construyendociudadania.co\/wp-content\/uploads\/2024\/02\/MG_9956-1-edited-150x150.jpg 150w, https:\/\/www.construyendociudadania.co\/wp-content\/uploads\/2024\/02\/MG_9956-1-edited-768x767.jpg 768w\" sizes=\"auto, (max-width: 1281px) 100vw, 1281px\" \/><\/figure>\n<\/div>\n<\/div>\n\n\n\n<div class=\"wp-block-group\"><div class=\"wp-block-group__inner-container is-layout-flow wp-block-group-is-layout-flow\">\n<div style=\"height:46px\" aria-hidden=\"true\" class=\"wp-block-spacer\"><\/div>\n\n\n\n<div class=\"wp-block-columns are-vertically-aligned-center is-layout-flex wp-container-core-columns-is-layout-9d6595d7 wp-block-columns-is-layout-flex\">\n<div class=\"wp-block-column is-vertically-aligned-center is-layout-flow wp-block-column-is-layout-flow\" style=\"flex-basis:50%\"><\/div>\n\n\n\n<div class=\"wp-block-column is-vertically-aligned-center is-layout-flow wp-block-column-is-layout-flow\" style=\"flex-basis:50%\"><\/div>\n<\/div>\n<\/div><\/div>\n<\/div><\/div>\n\n\n\n<div class=\"wp-block-cover alignwide\"><span aria-hidden=\"true\" class=\"wp-block-cover__background has-background-dim\"><\/span><div class=\"wp-block-cover__inner-container is-layout-flow wp-block-cover-is-layout-flow\">\n<div class=\"wp-block-group alignwide is-vertical is-content-justification-center is-layout-flex wp-container-core-group-is-layout-48c2c4f0 wp-block-group-is-layout-flex\">\n<div style=\"height:0px\" aria-hidden=\"true\" class=\"wp-block-spacer wp-container-content-28f0cd9b\"><\/div>\n<\/div>\n\n\n\n<iframe loading=\"lazy\" src=\"https:\/\/drive.google.com\/file\/d\/1sisWiL7A9_boCD6N4UJ_UOaP7nnrgiVR\/preview\" width=\"1080\" height=\"560\" allow=\"autoplay\"><\/iframe>\n<\/div><\/div>\n","protected":false},"excerpt":{"rendered":"<p>+14 Territorios impactados: +10 Pol\u00edticas publicas asesoradas +11.000 J\u00f3venes formados en liderazgo e incidencia +10 Proyectos ejecutados +20 Aliados estrat\u00e9gicos<\/p>\n","protected":false},"author":1,"featured_media":0,"parent":0,"menu_order":0,"comment_status":"closed","ping_status":"closed","template":"","meta":{"neve_meta_sidebar":"","neve_meta_container":"","neve_meta_enable_content_width":"on","neve_meta_content_width":100,"neve_meta_title_alignment":"","neve_meta_author_avatar":"","neve_post_elements_order":"","neve_meta_disable_header":"","neve_meta_disable_footer":"","neve_meta_disable_title":"on","neve_meta_reading_time":"","footnotes":""},"class_list":["post-9","page","type-page","status-publish","hentry"],"yoast_head":"<!-- This site is optimized with the Yoast SEO plugin v23.4 - https:\/\/yoast.com\/wordpress\/plugins\/seo\/ -->\n<title>Inicio - Construyendo Ciudadan\u00eda<\/title>\n<meta name=\"description\" content=\"La Corporaci\u00f3n de Profesionales Construyendo Ciudadan\u00eda es una organizaci\u00f3n social que genera di\u00e1logos y experiencias de participaci\u00f3n para el empoderamiento de las comunidades\" \/>\n<meta name=\"robots\" content=\"index, follow, max-snippet:-1, max-image-preview:large, max-video-preview:-1\" \/>\n<link rel=\"canonical\" href=\"https:\/\/www.construyendociudadania.co\/\" \/>\n<meta property=\"og:locale\" content=\"es_ES\" \/>\n<meta property=\"og:type\" content=\"article\" \/>\n<meta property=\"og:title\" content=\"Construyendo Ciudadan\u00eda\" \/>\n<meta property=\"og:description\" content=\"La Corporaci\u00f3n de Profesionales Construyendo Ciudadan\u00eda es una organizaci\u00f3n social que genera di\u00e1logos y experiencias de participaci\u00f3n para el empoderamiento de las comunidades en el dise\u00f1o de iniciativas y soluciones de las realidades y problem\u00e1ticas que les afectan e interesan.\" \/>\n<meta property=\"og:url\" content=\"https:\/\/www.construyendociudadania.co\/\" \/>\n<meta property=\"og:site_name\" content=\"Construyendo Ciudadan\u00eda\" \/>\n<meta property=\"article:publisher\" content=\"https:\/\/www.facebook.com\/CPCCcol\" \/>\n<meta property=\"article:modified_time\" content=\"2024-06-25T17:03:50+00:00\" \/>\n<meta property=\"og:image\" content=\"https:\/\/www.construyendociudadania.co\/wp-content\/uploads\/2024\/06\/cONSTRUYENDO-CIUDADANIA-PORTADA.jpg\" \/>\n\t<meta property=\"og:image:width\" content=\"1000\" \/>\n\t<meta property=\"og:image:height\" content=\"1000\" \/>\n\t<meta property=\"og:image:type\" content=\"image\/jpeg\" \/>\n<meta name=\"twitter:card\" content=\"summary_large_image\" \/>\n<meta name=\"twitter:label1\" content=\"Tiempo de lectura\" \/>\n\t<meta name=\"twitter:data1\" content=\"2 minutos\" \/>\n<script type=\"application\/ld+json\" class=\"yoast-schema-graph\">{\"@context\":\"https:\/\/schema.org\",\"@graph\":[{\"@type\":\"WebPage\",\"@id\":\"https:\/\/www.construyendociudadania.co\/\",\"url\":\"https:\/\/www.construyendociudadania.co\/\",\"name\":\"Inicio - Construyendo Ciudadan\u00eda\",\"isPartOf\":{\"@id\":\"https:\/\/www.construyendociudadania.co\/#website\"},\"primaryImageOfPage\":{\"@id\":\"https:\/\/www.construyendociudadania.co\/#primaryimage\"},\"image\":{\"@id\":\"https:\/\/www.construyendociudadania.co\/#primaryimage\"},\"thumbnailUrl\":\"https:\/\/www.construyendociudadania.co\/wp-content\/uploads\/2024\/02\/ubicacion.png\",\"datePublished\":\"2024-02-17T05:13:21+00:00\",\"dateModified\":\"2024-06-25T17:03:50+00:00\",\"description\":\"La Corporaci\u00f3n de Profesionales Construyendo Ciudadan\u00eda es una organizaci\u00f3n social que genera di\u00e1logos y experiencias de participaci\u00f3n para el empoderamiento de las comunidades\",\"breadcrumb\":{\"@id\":\"https:\/\/www.construyendociudadania.co\/#breadcrumb\"},\"inLanguage\":\"es\",\"potentialAction\":[{\"@type\":\"ReadAction\",\"target\":[\"https:\/\/www.construyendociudadania.co\/\"]}]},{\"@type\":\"ImageObject\",\"inLanguage\":\"es\",\"@id\":\"https:\/\/www.construyendociudadania.co\/#primaryimage\",\"url\":\"https:\/\/www.construyendociudadania.co\/wp-content\/uploads\/2024\/02\/ubicacion.png\",\"contentUrl\":\"https:\/\/www.construyendociudadania.co\/wp-content\/uploads\/2024\/02\/ubicacion.png\",\"width\":512,\"height\":512},{\"@type\":\"BreadcrumbList\",\"@id\":\"https:\/\/www.construyendociudadania.co\/#breadcrumb\",\"itemListElement\":[{\"@type\":\"ListItem\",\"position\":1,\"name\":\"Portada\",\"item\":\"https:\/\/www.construyendociudadania.co\/\"},{\"@type\":\"ListItem\",\"position\":2,\"name\":\"Inicio\"}]},{\"@type\":\"WebSite\",\"@id\":\"https:\/\/www.construyendociudadania.co\/#website\",\"url\":\"https:\/\/www.construyendociudadania.co\/\",\"name\":\"Construyendo Ciudadan\u00eda\",\"description\":\"Construyendo Ciudad desde 2013\",\"publisher\":{\"@id\":\"https:\/\/www.construyendociudadania.co\/#organization\"},\"potentialAction\":[{\"@type\":\"SearchAction\",\"target\":{\"@type\":\"EntryPoint\",\"urlTemplate\":\"https:\/\/www.construyendociudadania.co\/?s={search_term_string}\"},\"query-input\":{\"@type\":\"PropertyValueSpecification\",\"valueRequired\":true,\"valueName\":\"search_term_string\"}}],\"inLanguage\":\"es\"},{\"@type\":\"Organization\",\"@id\":\"https:\/\/www.construyendociudadania.co\/#organization\",\"name\":\"Construyendo Ciudadan\u00eda\",\"url\":\"https:\/\/www.construyendociudadania.co\/\",\"logo\":{\"@type\":\"ImageObject\",\"inLanguage\":\"es\",\"@id\":\"https:\/\/www.construyendociudadania.co\/#\/schema\/logo\/image\/\",\"url\":\"https:\/\/www.construyendociudadania.co\/wp-content\/uploads\/2024\/02\/logo-inicio-2_Mesa-de-trabajo-1-1.png\",\"contentUrl\":\"https:\/\/www.construyendociudadania.co\/wp-content\/uploads\/2024\/02\/logo-inicio-2_Mesa-de-trabajo-1-1.png\",\"width\":400,\"height\":100,\"caption\":\"Construyendo Ciudadan\u00eda\"},\"image\":{\"@id\":\"https:\/\/www.construyendociudadania.co\/#\/schema\/logo\/image\/\"},\"sameAs\":[\"https:\/\/www.facebook.com\/CPCCcol\",\"https:\/\/www.instagram.com\/ciudadaniacol\/\"]}]}<\/script>\n<!-- \/ Yoast SEO plugin. -->","yoast_head_json":{"title":"Inicio - Construyendo Ciudadan\u00eda","description":"La Corporaci\u00f3n de Profesionales Construyendo Ciudadan\u00eda es una organizaci\u00f3n social que genera di\u00e1logos y experiencias de participaci\u00f3n para el empoderamiento de las comunidades","robots":{"index":"index","follow":"follow","max-snippet":"max-snippet:-1","max-image-preview":"max-image-preview:large","max-video-preview":"max-video-preview:-1"},"canonical":"https:\/\/www.construyendociudadania.co\/","og_locale":"es_ES","og_type":"article","og_title":"Construyendo Ciudadan\u00eda","og_description":"La Corporaci\u00f3n de Profesionales Construyendo Ciudadan\u00eda es una organizaci\u00f3n social que genera di\u00e1logos y experiencias de participaci\u00f3n para el empoderamiento de las comunidades en el dise\u00f1o de iniciativas y soluciones de las realidades y problem\u00e1ticas que les afectan e interesan.","og_url":"https:\/\/www.construyendociudadania.co\/","og_site_name":"Construyendo Ciudadan\u00eda","article_publisher":"https:\/\/www.facebook.com\/CPCCcol","article_modified_time":"2024-06-25T17:03:50+00:00","og_image":[{"width":1000,"height":1000,"url":"https:\/\/www.construyendociudadania.co\/wp-content\/uploads\/2024\/06\/cONSTRUYENDO-CIUDADANIA-PORTADA.jpg","type":"image\/jpeg"}],"twitter_card":"summary_large_image","twitter_misc":{"Tiempo de lectura":"2 minutos"},"schema":{"@context":"https:\/\/schema.org","@graph":[{"@type":"WebPage","@id":"https:\/\/www.construyendociudadania.co\/","url":"https:\/\/www.construyendociudadania.co\/","name":"Inicio - Construyendo Ciudadan\u00eda","isPartOf":{"@id":"https:\/\/www.construyendociudadania.co\/#website"},"primaryImageOfPage":{"@id":"https:\/\/www.construyendociudadania.co\/#primaryimage"},"image":{"@id":"https:\/\/www.construyendociudadania.co\/#primaryimage"},"thumbnailUrl":"https:\/\/www.construyendociudadania.co\/wp-content\/uploads\/2024\/02\/ubicacion.png","datePublished":"2024-02-17T05:13:21+00:00","dateModified":"2024-06-25T17:03:50+00:00","description":"La Corporaci\u00f3n de Profesionales Construyendo Ciudadan\u00eda es una organizaci\u00f3n social que genera di\u00e1logos y experiencias de participaci\u00f3n para el empoderamiento de las comunidades","breadcrumb":{"@id":"https:\/\/www.construyendociudadania.co\/#breadcrumb"},"inLanguage":"es","potentialAction":[{"@type":"ReadAction","target":["https:\/\/www.construyendociudadania.co\/"]}]},{"@type":"ImageObject","inLanguage":"es","@id":"https:\/\/www.construyendociudadania.co\/#primaryimage","url":"https:\/\/www.construyendociudadania.co\/wp-content\/uploads\/2024\/02\/ubicacion.png","contentUrl":"https:\/\/www.construyendociudadania.co\/wp-content\/uploads\/2024\/02\/ubicacion.png","width":512,"height":512},{"@type":"BreadcrumbList","@id":"https:\/\/www.construyendociudadania.co\/#breadcrumb","itemListElement":[{"@type":"ListItem","position":1,"name":"Portada","item":"https:\/\/www.construyendociudadania.co\/"},{"@type":"ListItem","position":2,"name":"Inicio"}]},{"@type":"WebSite","@id":"https:\/\/www.construyendociudadania.co\/#website","url":"https:\/\/www.construyendociudadania.co\/","name":"Construyendo Ciudadan\u00eda","description":"Construyendo Ciudad desde 2013","publisher":{"@id":"https:\/\/www.construyendociudadania.co\/#organization"},"potentialAction":[{"@type":"SearchAction","target":{"@type":"EntryPoint","urlTemplate":"https:\/\/www.construyendociudadania.co\/?s={search_term_string}"},"query-input":{"@type":"PropertyValueSpecification","valueRequired":true,"valueName":"search_term_string"}}],"inLanguage":"es"},{"@type":"Organization","@id":"https:\/\/www.construyendociudadania.co\/#organization","name":"Construyendo Ciudadan\u00eda","url":"https:\/\/www.construyendociudadania.co\/","logo":{"@type":"ImageObject","inLanguage":"es","@id":"https:\/\/www.construyendociudadania.co\/#\/schema\/logo\/image\/","url":"https:\/\/www.construyendociudadania.co\/wp-content\/uploads\/2024\/02\/logo-inicio-2_Mesa-de-trabajo-1-1.png","contentUrl":"https:\/\/www.construyendociudadania.co\/wp-content\/uploads\/2024\/02\/logo-inicio-2_Mesa-de-trabajo-1-1.png","width":400,"height":100,"caption":"Construyendo Ciudadan\u00eda"},"image":{"@id":"https:\/\/www.construyendociudadania.co\/#\/schema\/logo\/image\/"},"sameAs":["https:\/\/www.facebook.com\/CPCCcol","https:\/\/www.instagram.com\/ciudadaniacol\/"]}]}},"_links":{"self":[{"href":"https:\/\/www.construyendociudadania.co\/index.php?rest_route=\/wp\/v2\/pages\/9","targetHints":{"allow":["GET"]}}],"collection":[{"href":"https:\/\/www.construyendociudadania.co\/index.php?rest_route=\/wp\/v2\/pages"}],"about":[{"href":"https:\/\/www.construyendociudadania.co\/index.php?rest_route=\/wp\/v2\/types\/page"}],"author":[{"embeddable":true,"href":"https:\/\/www.construyendociudadania.co\/index.php?rest_route=\/wp\/v2\/users\/1"}],"replies":[{"embeddable":true,"href":"https:\/\/www.construyendociudadania.co\/index.php?rest_route=%2Fwp%2Fv2%2Fcomments&post=9"}],"version-history":[{"count":31,"href":"https:\/\/www.construyendociudadania.co\/index.php?rest_route=\/wp\/v2\/pages\/9\/revisions"}],"predecessor-version":[{"id":304,"href":"https:\/\/www.construyendociudadania.co\/index.php?rest_route=\/wp\/v2\/pages\/9\/revisions\/304"}],"wp:attachment":[{"href":"https:\/\/www.construyendociudadania.co\/index.php?rest_route=%2Fwp%2Fv2%2Fmedia&parent=9"}],"curies":[{"name":"wp","href":"https:\/\/api.w.org\/{rel}","templated":true}]}}