{"id":13,"date":"2024-02-17T05:13:21","date_gmt":"2024-02-17T05:13:21","guid":{"rendered":"https:\/\/www.construyendociudadania.co\/?page_id=13"},"modified":"2024-04-19T16:17:27","modified_gmt":"2024-04-19T16:17:27","slug":"detalles-del-proyecto","status":"publish","type":"page","link":"https:\/\/www.construyendociudadania.co\/?page_id=13","title":{"rendered":"Detalles del proyecto"},"content":{"rendered":"\n<div class=\"wp-block-cover alignfull is-light\" style=\"min-height:320px;aspect-ratio:unset;\"><span aria-hidden=\"true\" class=\"wp-block-cover__background has-nv-c-1-background-color has-background-dim-100 has-background-dim\"><\/span><div class=\"wp-block-cover__inner-container is-layout-flow wp-block-cover-is-layout-flow\">\n<div class=\"wp-block-group\"><div class=\"wp-block-group__inner-container is-layout-flow wp-block-group-is-layout-flow\">\n<div class=\"wp-block-columns are-vertically-aligned-center is-layout-flex wp-container-core-columns-is-layout-9d6595d7 wp-block-columns-is-layout-flex\">\n<div class=\"wp-block-column is-vertically-aligned-center is-layout-flow wp-block-column-is-layout-flow\" style=\"flex-basis:70%\">\n<h1 class=\"wp-block-heading has-text-align-left has-neve-text-color-color has-text-color\">nUESTRA APUESTA<\/h1>\n<\/div>\n\n\n\n<div class=\"wp-block-column is-vertically-aligned-center is-layout-flow wp-block-column-is-layout-flow\" style=\"flex-basis:30%\"><\/div>\n<\/div>\n\n\n\n<p class=\"has-neve-text-color-color has-text-color\" style=\"font-size:22px\"><strong><em>Somos Construyendo ciudadan\u00eda, Nos mueve <\/em><\/strong><em>la transformaci\u00f3n colectiva de los territorios,<\/em><strong><em> creemos <\/em><\/strong><em>en el valor de las comunidades <\/em><strong><em>y apostamos por el poder <\/em><\/strong><em>de agencia de las juventudes y las ciudadan\u00edas<\/em>.<\/p>\n\n\n\n<p><\/p>\n<\/div><\/div>\n\n\n\n<h3 class=\"wp-block-heading has-neve-link-color-color has-text-color has-link-color wp-elements-a1ba33466936a0472f5bd421bddb2301\"><strong>CONOCE COMO NUESTRA APUESTA EST\u00c1 ORIENTADA EN LAS SIGUIENTES L\u00cdNEAS DE TRABAJO:<\/strong><\/h3>\n<\/div><\/div>\n\n\n\n<div class=\"wp-block-columns is-layout-flex wp-container-core-columns-is-layout-9d6595d7 wp-block-columns-is-layout-flex\">\n<div class=\"wp-block-column is-layout-flow wp-block-column-is-layout-flow\">\n<figure class=\"wp-block-image size-large\"><img loading=\"lazy\" decoding=\"async\" width=\"1024\" height=\"576\" src=\"https:\/\/www.construyendociudadania.co\/wp-content\/uploads\/2024\/02\/DSC07207-1-1024x576.jpg\" alt=\"\" class=\"wp-image-102\" srcset=\"https:\/\/www.construyendociudadania.co\/wp-content\/uploads\/2024\/02\/DSC07207-1-1024x576.jpg 1024w, https:\/\/www.construyendociudadania.co\/wp-content\/uploads\/2024\/02\/DSC07207-1-300x169.jpg 300w, https:\/\/www.construyendociudadania.co\/wp-content\/uploads\/2024\/02\/DSC07207-1-768x432.jpg 768w, https:\/\/www.construyendociudadania.co\/wp-content\/uploads\/2024\/02\/DSC07207-1-1536x864.jpg 1536w, https:\/\/www.construyendociudadania.co\/wp-content\/uploads\/2024\/02\/DSC07207-1-2048x1152.jpg 2048w\" sizes=\"auto, (max-width: 1024px) 100vw, 1024px\" \/><\/figure>\n\n\n\n<h3 class=\"wp-block-heading has-neve-link-color-color has-text-color has-link-color wp-elements-1629da9a681936f13c524e2e797e6151\"><strong><strong>PARTICIPACI\u00d3N POL\u00cdTICA Y ACCESO AL PODER:&nbsp;<\/strong><\/strong><\/h3>\n\n\n\n<p class=\"has-nv-text-dark-bg-color has-text-color has-link-color wp-elements-563413931dfb09709b75cde05387bf5d\">Impulsar el acceso al poder pol\u00edtico para personas\/colectivos de representaci\u00f3n que hist\u00f3ricamente han sido excluidos de estos escenarios.<\/p>\n<\/div>\n\n\n\n<div class=\"wp-block-column is-layout-flow wp-block-column-is-layout-flow\">\n<figure class=\"wp-block-gallery has-nested-images columns-default is-cropped wp-block-gallery-1 is-layout-flex wp-block-gallery-is-layout-flex\">\n<figure class=\"wp-block-image size-large\"><img loading=\"lazy\" decoding=\"async\" width=\"1024\" height=\"576\" data-id=\"241\" src=\"https:\/\/www.construyendociudadania.co\/wp-content\/uploads\/2024\/04\/MG_6533-edited-1024x576.jpg\" alt=\"\" class=\"wp-image-241\" srcset=\"https:\/\/www.construyendociudadania.co\/wp-content\/uploads\/2024\/04\/MG_6533-edited-1024x576.jpg 1024w, https:\/\/www.construyendociudadania.co\/wp-content\/uploads\/2024\/04\/MG_6533-edited-300x169.jpg 300w, https:\/\/www.construyendociudadania.co\/wp-content\/uploads\/2024\/04\/MG_6533-edited-768x432.jpg 768w, https:\/\/www.construyendociudadania.co\/wp-content\/uploads\/2024\/04\/MG_6533-edited.jpg 1280w\" sizes=\"auto, (max-width: 1024px) 100vw, 1024px\" \/><\/figure>\n<\/figure>\n\n\n\n<h3 class=\"wp-block-heading has-neve-link-color-color has-text-color has-link-color wp-elements-37d2326d9dd35dedb1b3bac8f9ef0c34\" style=\"font-style:normal;font-weight:300;text-transform:capitalize\"><strong><strong>GESTI\u00d3N DEL CONOCIMIENTO:<\/strong><\/strong><\/h3>\n\n\n\n<p class=\"has-nv-text-dark-bg-color has-text-color has-link-color wp-elements-f90a366b0de35bb36c62c44ceee18517\">Facilitar la producci\u00f3n de informaci\u00f3n, an\u00e1lisis y formaci\u00f3n para el ejercicio de la participaci\u00f3n ciudadana.<\/p>\n<\/div>\n\n\n\n<div class=\"wp-block-column is-layout-flow wp-block-column-is-layout-flow\">\n<figure class=\"wp-block-image size-large\"><img loading=\"lazy\" decoding=\"async\" width=\"1920\" height=\"1079\" src=\"https:\/\/www.construyendociudadania.co\/wp-content\/uploads\/2024\/04\/MG_5461-edited.jpg\" alt=\"\" class=\"wp-image-243\" srcset=\"https:\/\/www.construyendociudadania.co\/wp-content\/uploads\/2024\/04\/MG_5461-edited.jpg 1920w, https:\/\/www.construyendociudadania.co\/wp-content\/uploads\/2024\/04\/MG_5461-edited-300x169.jpg 300w, https:\/\/www.construyendociudadania.co\/wp-content\/uploads\/2024\/04\/MG_5461-edited-1024x575.jpg 1024w, https:\/\/www.construyendociudadania.co\/wp-content\/uploads\/2024\/04\/MG_5461-edited-768x432.jpg 768w, https:\/\/www.construyendociudadania.co\/wp-content\/uploads\/2024\/04\/MG_5461-edited-1536x863.jpg 1536w\" sizes=\"auto, (max-width: 1920px) 100vw, 1920px\" \/><\/figure>\n\n\n\n<h3 class=\"wp-block-heading has-neve-link-color-color has-text-color has-link-color wp-elements-ad49447ea433bfc471342f33b1370ffe\"><strong><em><strong>ALUATA: COMUNICACI\u00d3N Y ARTIVISMO<\/strong> <\/em><\/strong><\/h3>\n\n\n\n<p class=\"has-nv-text-dark-bg-color has-text-color has-link-color wp-elements-386d91138b278701d1600d15432a1502\">Aportar en la transformaci\u00f3n de narrativas sociales a trav\u00e9s de la comunicaci\u00f3n y las expresiones art\u00edsticas.<\/p>\n<\/div>\n<\/div>\n\n\n\n<div class=\"wp-block-columns is-layout-flex wp-container-core-columns-is-layout-9d6595d7 wp-block-columns-is-layout-flex\">\n<div class=\"wp-block-column is-layout-flow wp-block-column-is-layout-flow\">\n<figure class=\"wp-block-gallery has-nested-images columns-default is-cropped wp-block-gallery-2 is-layout-flex wp-block-gallery-is-layout-flex\">\n<figure class=\"wp-block-image size-large\"><img loading=\"lazy\" decoding=\"async\" width=\"1920\" height=\"1079\" data-id=\"248\" src=\"https:\/\/www.construyendociudadania.co\/wp-content\/uploads\/2024\/04\/MG_4649-1-edited.jpg\" alt=\"\" class=\"wp-image-248\" srcset=\"https:\/\/www.construyendociudadania.co\/wp-content\/uploads\/2024\/04\/MG_4649-1-edited.jpg 1920w, https:\/\/www.construyendociudadania.co\/wp-content\/uploads\/2024\/04\/MG_4649-1-edited-300x169.jpg 300w, https:\/\/www.construyendociudadania.co\/wp-content\/uploads\/2024\/04\/MG_4649-1-edited-1024x575.jpg 1024w, https:\/\/www.construyendociudadania.co\/wp-content\/uploads\/2024\/04\/MG_4649-1-edited-768x432.jpg 768w, https:\/\/www.construyendociudadania.co\/wp-content\/uploads\/2024\/04\/MG_4649-1-edited-1536x863.jpg 1536w\" sizes=\"auto, (max-width: 1920px) 100vw, 1920px\" \/><\/figure>\n<\/figure>\n\n\n\n<h3 class=\"wp-block-heading has-neve-link-color-color has-text-color has-link-color wp-elements-c9618597ab105a331a86378d2ad69745\"><strong><em><strong>SOSTENIBILIDAD<\/strong><\/em><\/strong><\/h3>\n\n\n\n<p class=\"has-nv-text-dark-bg-color has-text-color has-link-color wp-elements-b7f25b7ead4d01851f6bde1ee0bd0e0c\">Fortalecer la capacidad de agencia de la Corporaci\u00f3n para cumplir con su misi\u00f3n.<\/p>\n<\/div>\n\n\n\n<div class=\"wp-block-column is-layout-flow wp-block-column-is-layout-flow\"><\/div>\n\n\n\n<div class=\"wp-block-column is-layout-flow wp-block-column-is-layout-flow\"><\/div>\n<\/div>\n","protected":false},"excerpt":{"rendered":"<p>PARTICIPACI\u00d3N POL\u00cdTICA Y ACCESO AL PODER:&nbsp; Impulsar el acceso al poder pol\u00edtico para personas\/colectivos de representaci\u00f3n que hist\u00f3ricamente han sido excluidos de estos escenarios. GESTI\u00d3N DEL CONOCIMIENTO: Facilitar la producci\u00f3n de informaci\u00f3n, an\u00e1lisis y formaci\u00f3n para el ejercicio de la participaci\u00f3n ciudadana. ALUATA: COMUNICACI\u00d3N Y ARTIVISMO Aportar en la transformaci\u00f3n de narrativas sociales a trav\u00e9s&hellip;&nbsp;<a href=\"https:\/\/www.construyendociudadania.co\/?page_id=13\" rel=\"bookmark\">Read More &raquo;<span class=\"screen-reader-text\">Detalles del proyecto<\/span><\/a><\/p>\n","protected":false},"author":1,"featured_media":0,"parent":0,"menu_order":0,"comment_status":"closed","ping_status":"closed","template":"","meta":{"neve_meta_sidebar":"","neve_meta_container":"","neve_meta_enable_content_width":"on","neve_meta_content_width":100,"neve_meta_title_alignment":"","neve_meta_author_avatar":"","neve_post_elements_order":"","neve_meta_disable_header":"","neve_meta_disable_footer":"","neve_meta_disable_title":"on","neve_meta_reading_time":"","footnotes":""},"class_list":["post-13","page","type-page","status-publish","hentry"],"yoast_head":"<!-- This site is optimized with the Yoast SEO plugin v23.4 - https:\/\/yoast.com\/wordpress\/plugins\/seo\/ -->\n<title>Detalles del proyecto - Construyendo Ciudadan\u00eda<\/title>\n<meta name=\"robots\" content=\"index, follow, max-snippet:-1, max-image-preview:large, max-video-preview:-1\" \/>\n<link rel=\"canonical\" href=\"https:\/\/www.construyendociudadania.co\/?page_id=13\" \/>\n<meta property=\"og:locale\" content=\"es_ES\" \/>\n<meta property=\"og:type\" content=\"article\" \/>\n<meta property=\"og:title\" content=\"Detalles del proyecto - Construyendo Ciudadan\u00eda\" \/>\n<meta property=\"og:description\" content=\"PARTICIPACI\u00d3N POL\u00cdTICA Y ACCESO AL PODER:&nbsp; Impulsar el acceso al poder pol\u00edtico para personas\/colectivos de representaci\u00f3n que hist\u00f3ricamente han sido excluidos de estos escenarios. GESTI\u00d3N DEL CONOCIMIENTO: Facilitar la producci\u00f3n de informaci\u00f3n, an\u00e1lisis y formaci\u00f3n para el ejercicio de la participaci\u00f3n ciudadana. ALUATA: COMUNICACI\u00d3N Y ARTIVISMO Aportar en la transformaci\u00f3n de narrativas sociales a trav\u00e9s&hellip;&nbsp;Read More &raquo;Detalles del proyecto\" \/>\n<meta property=\"og:url\" content=\"https:\/\/www.construyendociudadania.co\/?page_id=13\" \/>\n<meta property=\"og:site_name\" content=\"Construyendo Ciudadan\u00eda\" \/>\n<meta property=\"article:publisher\" content=\"https:\/\/www.facebook.com\/CPCCcol\" \/>\n<meta property=\"article:modified_time\" content=\"2024-04-19T16:17:27+00:00\" \/>\n<meta property=\"og:image\" content=\"https:\/\/www.construyendociudadania.co\/wp-content\/uploads\/2024\/02\/DSC07207-1-1024x576.jpg\" \/>\n<meta name=\"twitter:card\" content=\"summary_large_image\" \/>\n<meta name=\"twitter:label1\" content=\"Tiempo de lectura\" \/>\n\t<meta name=\"twitter:data1\" content=\"2 minutos\" \/>\n<script type=\"application\/ld+json\" class=\"yoast-schema-graph\">{\"@context\":\"https:\/\/schema.org\",\"@graph\":[{\"@type\":\"WebPage\",\"@id\":\"https:\/\/www.construyendociudadania.co\/?page_id=13\",\"url\":\"https:\/\/www.construyendociudadania.co\/?page_id=13\",\"name\":\"Detalles del proyecto - Construyendo Ciudadan\u00eda\",\"isPartOf\":{\"@id\":\"https:\/\/www.construyendociudadania.co\/#website\"},\"primaryImageOfPage\":{\"@id\":\"https:\/\/www.construyendociudadania.co\/?page_id=13#primaryimage\"},\"image\":{\"@id\":\"https:\/\/www.construyendociudadania.co\/?page_id=13#primaryimage\"},\"thumbnailUrl\":\"https:\/\/www.construyendociudadania.co\/wp-content\/uploads\/2024\/02\/DSC07207-1-1024x576.jpg\",\"datePublished\":\"2024-02-17T05:13:21+00:00\",\"dateModified\":\"2024-04-19T16:17:27+00:00\",\"breadcrumb\":{\"@id\":\"https:\/\/www.construyendociudadania.co\/?page_id=13#breadcrumb\"},\"inLanguage\":\"es\",\"potentialAction\":[{\"@type\":\"ReadAction\",\"target\":[\"https:\/\/www.construyendociudadania.co\/?page_id=13\"]}]},{\"@type\":\"ImageObject\",\"inLanguage\":\"es\",\"@id\":\"https:\/\/www.construyendociudadania.co\/?page_id=13#primaryimage\",\"url\":\"https:\/\/www.construyendociudadania.co\/wp-content\/uploads\/2024\/02\/DSC07207-1-scaled.jpg\",\"contentUrl\":\"https:\/\/www.construyendociudadania.co\/wp-content\/uploads\/2024\/02\/DSC07207-1-scaled.jpg\",\"width\":2560,\"height\":1440},{\"@type\":\"BreadcrumbList\",\"@id\":\"https:\/\/www.construyendociudadania.co\/?page_id=13#breadcrumb\",\"itemListElement\":[{\"@type\":\"ListItem\",\"position\":1,\"name\":\"Portada\",\"item\":\"https:\/\/www.construyendociudadania.co\/\"},{\"@type\":\"ListItem\",\"position\":2,\"name\":\"Detalles del proyecto\"}]},{\"@type\":\"WebSite\",\"@id\":\"https:\/\/www.construyendociudadania.co\/#website\",\"url\":\"https:\/\/www.construyendociudadania.co\/\",\"name\":\"Construyendo Ciudadan\u00eda\",\"description\":\"Construyendo Ciudad desde 2013\",\"publisher\":{\"@id\":\"https:\/\/www.construyendociudadania.co\/#organization\"},\"potentialAction\":[{\"@type\":\"SearchAction\",\"target\":{\"@type\":\"EntryPoint\",\"urlTemplate\":\"https:\/\/www.construyendociudadania.co\/?s={search_term_string}\"},\"query-input\":{\"@type\":\"PropertyValueSpecification\",\"valueRequired\":true,\"valueName\":\"search_term_string\"}}],\"inLanguage\":\"es\"},{\"@type\":\"Organization\",\"@id\":\"https:\/\/www.construyendociudadania.co\/#organization\",\"name\":\"Construyendo Ciudadan\u00eda\",\"url\":\"https:\/\/www.construyendociudadania.co\/\",\"logo\":{\"@type\":\"ImageObject\",\"inLanguage\":\"es\",\"@id\":\"https:\/\/www.construyendociudadania.co\/#\/schema\/logo\/image\/\",\"url\":\"https:\/\/www.construyendociudadania.co\/wp-content\/uploads\/2024\/02\/logo-inicio-2_Mesa-de-trabajo-1-1.png\",\"contentUrl\":\"https:\/\/www.construyendociudadania.co\/wp-content\/uploads\/2024\/02\/logo-inicio-2_Mesa-de-trabajo-1-1.png\",\"width\":400,\"height\":100,\"caption\":\"Construyendo Ciudadan\u00eda\"},\"image\":{\"@id\":\"https:\/\/www.construyendociudadania.co\/#\/schema\/logo\/image\/\"},\"sameAs\":[\"https:\/\/www.facebook.com\/CPCCcol\",\"https:\/\/www.instagram.com\/ciudadaniacol\/\"]}]}<\/script>\n<!-- \/ Yoast SEO plugin. -->","yoast_head_json":{"title":"Detalles del proyecto - Construyendo Ciudadan\u00eda","robots":{"index":"index","follow":"follow","max-snippet":"max-snippet:-1","max-image-preview":"max-image-preview:large","max-video-preview":"max-video-preview:-1"},"canonical":"https:\/\/www.construyendociudadania.co\/?page_id=13","og_locale":"es_ES","og_type":"article","og_title":"Detalles del proyecto - Construyendo Ciudadan\u00eda","og_description":"PARTICIPACI\u00d3N POL\u00cdTICA Y ACCESO AL PODER:&nbsp; Impulsar el acceso al poder pol\u00edtico para personas\/colectivos de representaci\u00f3n que hist\u00f3ricamente han sido excluidos de estos escenarios. GESTI\u00d3N DEL CONOCIMIENTO: Facilitar la producci\u00f3n de informaci\u00f3n, an\u00e1lisis y formaci\u00f3n para el ejercicio de la participaci\u00f3n ciudadana. ALUATA: COMUNICACI\u00d3N Y ARTIVISMO Aportar en la transformaci\u00f3n de narrativas sociales a trav\u00e9s&hellip;&nbsp;Read More &raquo;Detalles del proyecto","og_url":"https:\/\/www.construyendociudadania.co\/?page_id=13","og_site_name":"Construyendo Ciudadan\u00eda","article_publisher":"https:\/\/www.facebook.com\/CPCCcol","article_modified_time":"2024-04-19T16:17:27+00:00","og_image":[{"url":"https:\/\/www.construyendociudadania.co\/wp-content\/uploads\/2024\/02\/DSC07207-1-1024x576.jpg"}],"twitter_card":"summary_large_image","twitter_misc":{"Tiempo de lectura":"2 minutos"},"schema":{"@context":"https:\/\/schema.org","@graph":[{"@type":"WebPage","@id":"https:\/\/www.construyendociudadania.co\/?page_id=13","url":"https:\/\/www.construyendociudadania.co\/?page_id=13","name":"Detalles del proyecto - Construyendo Ciudadan\u00eda","isPartOf":{"@id":"https:\/\/www.construyendociudadania.co\/#website"},"primaryImageOfPage":{"@id":"https:\/\/www.construyendociudadania.co\/?page_id=13#primaryimage"},"image":{"@id":"https:\/\/www.construyendociudadania.co\/?page_id=13#primaryimage"},"thumbnailUrl":"https:\/\/www.construyendociudadania.co\/wp-content\/uploads\/2024\/02\/DSC07207-1-1024x576.jpg","datePublished":"2024-02-17T05:13:21+00:00","dateModified":"2024-04-19T16:17:27+00:00","breadcrumb":{"@id":"https:\/\/www.construyendociudadania.co\/?page_id=13#breadcrumb"},"inLanguage":"es","potentialAction":[{"@type":"ReadAction","target":["https:\/\/www.construyendociudadania.co\/?page_id=13"]}]},{"@type":"ImageObject","inLanguage":"es","@id":"https:\/\/www.construyendociudadania.co\/?page_id=13#primaryimage","url":"https:\/\/www.construyendociudadania.co\/wp-content\/uploads\/2024\/02\/DSC07207-1-scaled.jpg","contentUrl":"https:\/\/www.construyendociudadania.co\/wp-content\/uploads\/2024\/02\/DSC07207-1-scaled.jpg","width":2560,"height":1440},{"@type":"BreadcrumbList","@id":"https:\/\/www.construyendociudadania.co\/?page_id=13#breadcrumb","itemListElement":[{"@type":"ListItem","position":1,"name":"Portada","item":"https:\/\/www.construyendociudadania.co\/"},{"@type":"ListItem","position":2,"name":"Detalles del proyecto"}]},{"@type":"WebSite","@id":"https:\/\/www.construyendociudadania.co\/#website","url":"https:\/\/www.construyendociudadania.co\/","name":"Construyendo Ciudadan\u00eda","description":"Construyendo Ciudad desde 2013","publisher":{"@id":"https:\/\/www.construyendociudadania.co\/#organization"},"potentialAction":[{"@type":"SearchAction","target":{"@type":"EntryPoint","urlTemplate":"https:\/\/www.construyendociudadania.co\/?s={search_term_string}"},"query-input":{"@type":"PropertyValueSpecification","valueRequired":true,"valueName":"search_term_string"}}],"inLanguage":"es"},{"@type":"Organization","@id":"https:\/\/www.construyendociudadania.co\/#organization","name":"Construyendo Ciudadan\u00eda","url":"https:\/\/www.construyendociudadania.co\/","logo":{"@type":"ImageObject","inLanguage":"es","@id":"https:\/\/www.construyendociudadania.co\/#\/schema\/logo\/image\/","url":"https:\/\/www.construyendociudadania.co\/wp-content\/uploads\/2024\/02\/logo-inicio-2_Mesa-de-trabajo-1-1.png","contentUrl":"https:\/\/www.construyendociudadania.co\/wp-content\/uploads\/2024\/02\/logo-inicio-2_Mesa-de-trabajo-1-1.png","width":400,"height":100,"caption":"Construyendo Ciudadan\u00eda"},"image":{"@id":"https:\/\/www.construyendociudadania.co\/#\/schema\/logo\/image\/"},"sameAs":["https:\/\/www.facebook.com\/CPCCcol","https:\/\/www.instagram.com\/ciudadaniacol\/"]}]}},"_links":{"self":[{"href":"https:\/\/www.construyendociudadania.co\/index.php?rest_route=\/wp\/v2\/pages\/13","targetHints":{"allow":["GET"]}}],"collection":[{"href":"https:\/\/www.construyendociudadania.co\/index.php?rest_route=\/wp\/v2\/pages"}],"about":[{"href":"https:\/\/www.construyendociudadania.co\/index.php?rest_route=\/wp\/v2\/types\/page"}],"author":[{"embeddable":true,"href":"https:\/\/www.construyendociudadania.co\/index.php?rest_route=\/wp\/v2\/users\/1"}],"replies":[{"embeddable":true,"href":"https:\/\/www.construyendociudadania.co\/index.php?rest_route=%2Fwp%2Fv2%2Fcomments&post=13"}],"version-history":[{"count":13,"href":"https:\/\/www.construyendociudadania.co\/index.php?rest_route=\/wp\/v2\/pages\/13\/revisions"}],"predecessor-version":[{"id":288,"href":"https:\/\/www.construyendociudadania.co\/index.php?rest_route=\/wp\/v2\/pages\/13\/revisions\/288"}],"wp:attachment":[{"href":"https:\/\/www.construyendociudadania.co\/index.php?rest_route=%2Fwp%2Fv2%2Fmedia&parent=13"}],"curies":[{"name":"wp","href":"https:\/\/api.w.org\/{rel}","templated":true}]}}